{"id":238,"date":"2023-07-09T22:38:27","date_gmt":"2023-07-09T20:38:27","guid":{"rendered":"https:\/\/morganedemoreuille.com\/?page_id=238"},"modified":"2023-07-09T22:51:04","modified_gmt":"2023-07-09T20:51:04","slug":"la-foret","status":"publish","type":"page","link":"https:\/\/morganedemoreuille.com\/index.php\/la-foret\/","title":{"rendered":"la For\u00eat"},"content":{"rendered":"\n<p>Design d\u2019espace d\u2019un cabinet de curiosit\u00e9s pour l\u2019Institut National de Formation des Personnels du Minist\u00e8re de l\u2019Agriculture de Corbas.<\/p>\n\n\n\n<p>Antoine Garcia : conception technique de la menuiserie, co-cr\u00e9ation des \u00e9clairages<br>Caroline Rushforth : fabrication des cr\u00e9ations textiles<br>La Fabrique (Francheville) : fabrication des menuiseries<\/p>\n\n\n\n<pre class=\"wp-block-code\"><code>Les visiteurs sont invit\u00e9s \u00e0 d\u00e9ambuler dans La For\u00eat et \u00e0 s\u2019arr\u00eater pour observer ce qui se cache dans le creux des arbres, par des ouvertures et par des jeux de miroirs. Entre cabinet de curiosit\u00e9s et sc\u00e9nographie, cette for\u00eat est con\u00e7ue au moyen de formes simples m\u00ealant bois, reflets, transparences, textile et lumi\u00e8re.\n\nLa For\u00eat est un jeu de regards, d\u2019intrusions, de d\u00e9voilements. Peaux, os, outils, organes - \u00e9l\u00e9ments de l\u2019int\u00e9rieur et de l\u2019ext\u00e9rieur des corps - sont mis \u00e0 diff\u00e9rentes distances, sont isol\u00e9s, fragment\u00e9s, en rapport direct ou indirect \u00e0 l\u2019observateur.<\/code><\/pre>\n\n\n\n<figure class=\"wp-block-gallery has-nested-images columns-2 wp-block-gallery-1 is-layout-flex wp-block-gallery-is-layout-flex\">\n<figure class=\"wp-block-image size-large\"><img loading=\"lazy\" decoding=\"async\" width=\"533\" height=\"800\" data-id=\"241\" src=\"https:\/\/morganedemoreuille.com\/wp-content\/uploads\/2023\/07\/31_demoreuillelaforetinfoma02web.jpg\" alt=\"\" class=\"wp-image-241\" srcset=\"https:\/\/morganedemoreuille.com\/wp-content\/uploads\/2023\/07\/31_demoreuillelaforetinfoma02web.jpg 533w, https:\/\/morganedemoreuille.com\/wp-content\/uploads\/2023\/07\/31_demoreuillelaforetinfoma02web-200x300.jpg 200w\" sizes=\"auto, (max-width: 533px) 100vw, 533px\" \/><\/figure>\n\n\n\n<figure class=\"wp-block-image size-large\"><img loading=\"lazy\" decoding=\"async\" width=\"600\" height=\"800\" data-id=\"251\" src=\"https:\/\/morganedemoreuille.com\/wp-content\/uploads\/2023\/07\/31_demoreuillelaforetinfoma18web.jpg\" alt=\"\" class=\"wp-image-251\" srcset=\"https:\/\/morganedemoreuille.com\/wp-content\/uploads\/2023\/07\/31_demoreuillelaforetinfoma18web.jpg 600w, https:\/\/morganedemoreuille.com\/wp-content\/uploads\/2023\/07\/31_demoreuillelaforetinfoma18web-225x300.jpg 225w\" sizes=\"auto, (max-width: 600px) 100vw, 600px\" \/><\/figure>\n\n\n\n<figure class=\"wp-block-image size-large\"><img loading=\"lazy\" decoding=\"async\" width=\"800\" height=\"534\" data-id=\"243\" src=\"https:\/\/morganedemoreuille.com\/wp-content\/uploads\/2023\/07\/31_demoreuillelaforetinfoma06web.jpg\" alt=\"\" class=\"wp-image-243\" srcset=\"https:\/\/morganedemoreuille.com\/wp-content\/uploads\/2023\/07\/31_demoreuillelaforetinfoma06web.jpg 800w, https:\/\/morganedemoreuille.com\/wp-content\/uploads\/2023\/07\/31_demoreuillelaforetinfoma06web-300x200.jpg 300w, https:\/\/morganedemoreuille.com\/wp-content\/uploads\/2023\/07\/31_demoreuillelaforetinfoma06web-768x513.jpg 768w\" sizes=\"auto, (max-width: 800px) 100vw, 800px\" \/><\/figure>\n\n\n\n<figure class=\"wp-block-image size-large\"><img loading=\"lazy\" decoding=\"async\" width=\"800\" height=\"534\" data-id=\"244\" src=\"https:\/\/morganedemoreuille.com\/wp-content\/uploads\/2023\/07\/31_demoreuillelaforetinfoma7web.jpg\" alt=\"\" class=\"wp-image-244\" srcset=\"https:\/\/morganedemoreuille.com\/wp-content\/uploads\/2023\/07\/31_demoreuillelaforetinfoma7web.jpg 800w, https:\/\/morganedemoreuille.com\/wp-content\/uploads\/2023\/07\/31_demoreuillelaforetinfoma7web-300x200.jpg 300w, https:\/\/morganedemoreuille.com\/wp-content\/uploads\/2023\/07\/31_demoreuillelaforetinfoma7web-768x513.jpg 768w\" sizes=\"auto, (max-width: 800px) 100vw, 800px\" \/><\/figure>\n\n\n\n<figure class=\"wp-block-image size-large\"><img loading=\"lazy\" decoding=\"async\" width=\"533\" height=\"800\" data-id=\"246\" src=\"https:\/\/morganedemoreuille.com\/wp-content\/uploads\/2023\/07\/31_demoreuillelaforetinfoma12web.jpg\" alt=\"\" class=\"wp-image-246\" srcset=\"https:\/\/morganedemoreuille.com\/wp-content\/uploads\/2023\/07\/31_demoreuillelaforetinfoma12web.jpg 533w, https:\/\/morganedemoreuille.com\/wp-content\/uploads\/2023\/07\/31_demoreuillelaforetinfoma12web-200x300.jpg 200w\" sizes=\"auto, (max-width: 533px) 100vw, 533px\" \/><\/figure>\n\n\n\n<figure class=\"wp-block-image size-large\"><img loading=\"lazy\" decoding=\"async\" width=\"480\" height=\"720\" data-id=\"256\" src=\"https:\/\/morganedemoreuille.com\/wp-content\/uploads\/2023\/07\/31_demoreuillelaforetinfoma21-rotated.jpg\" alt=\"\" class=\"wp-image-256\" srcset=\"https:\/\/morganedemoreuille.com\/wp-content\/uploads\/2023\/07\/31_demoreuillelaforetinfoma21-rotated.jpg 480w, https:\/\/morganedemoreuille.com\/wp-content\/uploads\/2023\/07\/31_demoreuillelaforetinfoma21-200x300.jpg 200w\" sizes=\"auto, (max-width: 480px) 100vw, 480px\" \/><\/figure>\n\n\n\n<figure class=\"wp-block-image size-large\"><img loading=\"lazy\" decoding=\"async\" width=\"800\" height=\"533\" data-id=\"248\" src=\"https:\/\/morganedemoreuille.com\/wp-content\/uploads\/2023\/07\/31_demoreuillelaforetinfoma15web.jpg\" alt=\"\" class=\"wp-image-248\" srcset=\"https:\/\/morganedemoreuille.com\/wp-content\/uploads\/2023\/07\/31_demoreuillelaforetinfoma15web.jpg 800w, https:\/\/morganedemoreuille.com\/wp-content\/uploads\/2023\/07\/31_demoreuillelaforetinfoma15web-300x200.jpg 300w, https:\/\/morganedemoreuille.com\/wp-content\/uploads\/2023\/07\/31_demoreuillelaforetinfoma15web-768x512.jpg 768w\" sizes=\"auto, (max-width: 800px) 100vw, 800px\" \/><\/figure>\n\n\n\n<figure class=\"wp-block-image size-large\"><img loading=\"lazy\" decoding=\"async\" width=\"800\" height=\"533\" data-id=\"247\" src=\"https:\/\/morganedemoreuille.com\/wp-content\/uploads\/2023\/07\/31_demoreuillelaforetinfoma13web.jpg\" alt=\"\" class=\"wp-image-247\" srcset=\"https:\/\/morganedemoreuille.com\/wp-content\/uploads\/2023\/07\/31_demoreuillelaforetinfoma13web.jpg 800w, https:\/\/morganedemoreuille.com\/wp-content\/uploads\/2023\/07\/31_demoreuillelaforetinfoma13web-300x200.jpg 300w, https:\/\/morganedemoreuille.com\/wp-content\/uploads\/2023\/07\/31_demoreuillelaforetinfoma13web-768x512.jpg 768w\" sizes=\"auto, (max-width: 800px) 100vw, 800px\" \/><\/figure>\n\n\n\n<figure class=\"wp-block-image size-large\"><img loading=\"lazy\" decoding=\"async\" width=\"800\" height=\"533\" data-id=\"250\" src=\"https:\/\/morganedemoreuille.com\/wp-content\/uploads\/2023\/07\/31_demoreuillelaforetinfoma17web.jpg\" alt=\"\" class=\"wp-image-250\" srcset=\"https:\/\/morganedemoreuille.com\/wp-content\/uploads\/2023\/07\/31_demoreuillelaforetinfoma17web.jpg 800w, https:\/\/morganedemoreuille.com\/wp-content\/uploads\/2023\/07\/31_demoreuillelaforetinfoma17web-300x200.jpg 300w, https:\/\/morganedemoreuille.com\/wp-content\/uploads\/2023\/07\/31_demoreuillelaforetinfoma17web-768x512.jpg 768w\" sizes=\"auto, (max-width: 800px) 100vw, 800px\" \/><\/figure>\n\n\n\n<figure class=\"wp-block-image size-large\"><img loading=\"lazy\" decoding=\"async\" width=\"640\" height=\"480\" data-id=\"255\" src=\"https:\/\/morganedemoreuille.com\/wp-content\/uploads\/2023\/07\/31_demoreuillelaforetinfoma19.jpg\" alt=\"\" class=\"wp-image-255\" srcset=\"https:\/\/morganedemoreuille.com\/wp-content\/uploads\/2023\/07\/31_demoreuillelaforetinfoma19.jpg 640w, https:\/\/morganedemoreuille.com\/wp-content\/uploads\/2023\/07\/31_demoreuillelaforetinfoma19-300x225.jpg 300w\" sizes=\"auto, (max-width: 640px) 100vw, 640px\" \/><\/figure>\n\n\n\n<figure class=\"wp-block-image size-large\"><img loading=\"lazy\" decoding=\"async\" width=\"720\" height=\"480\" data-id=\"254\" src=\"https:\/\/morganedemoreuille.com\/wp-content\/uploads\/2023\/07\/31_demoreuillelaforetinfoma20.jpg\" alt=\"\" class=\"wp-image-254\" srcset=\"https:\/\/morganedemoreuille.com\/wp-content\/uploads\/2023\/07\/31_demoreuillelaforetinfoma20.jpg 720w, https:\/\/morganedemoreuille.com\/wp-content\/uploads\/2023\/07\/31_demoreuillelaforetinfoma20-300x200.jpg 300w\" sizes=\"auto, (max-width: 720px) 100vw, 720px\" \/><\/figure>\n\n\n\n<figure class=\"wp-block-image size-large\"><img loading=\"lazy\" decoding=\"async\" width=\"800\" height=\"533\" data-id=\"249\" src=\"https:\/\/morganedemoreuille.com\/wp-content\/uploads\/2023\/07\/31_demoreuillelaforetinfoma16web.jpg\" alt=\"\" class=\"wp-image-249\" srcset=\"https:\/\/morganedemoreuille.com\/wp-content\/uploads\/2023\/07\/31_demoreuillelaforetinfoma16web.jpg 800w, https:\/\/morganedemoreuille.com\/wp-content\/uploads\/2023\/07\/31_demoreuillelaforetinfoma16web-300x200.jpg 300w, https:\/\/morganedemoreuille.com\/wp-content\/uploads\/2023\/07\/31_demoreuillelaforetinfoma16web-768x512.jpg 768w\" sizes=\"auto, (max-width: 800px) 100vw, 800px\" \/><\/figure>\n\n\n\n<figure class=\"wp-block-image size-large\"><img loading=\"lazy\" decoding=\"async\" width=\"800\" height=\"534\" data-id=\"245\" src=\"https:\/\/morganedemoreuille.com\/wp-content\/uploads\/2023\/07\/31_demoreuillelaforetinfoma11web.jpg\" alt=\"\" class=\"wp-image-245\" srcset=\"https:\/\/morganedemoreuille.com\/wp-content\/uploads\/2023\/07\/31_demoreuillelaforetinfoma11web.jpg 800w, https:\/\/morganedemoreuille.com\/wp-content\/uploads\/2023\/07\/31_demoreuillelaforetinfoma11web-300x200.jpg 300w, https:\/\/morganedemoreuille.com\/wp-content\/uploads\/2023\/07\/31_demoreuillelaforetinfoma11web-768x513.jpg 768w\" sizes=\"auto, (max-width: 800px) 100vw, 800px\" \/><\/figure>\n<\/figure>\n","protected":false},"excerpt":{"rendered":"<p>Design d\u2019espace d\u2019un cabinet de curiosit\u00e9s pour l\u2019Institut National de Formation des Personnels du Minist\u00e8re de l\u2019Agriculture de Corbas. Antoine Garcia : conception technique de la menuiserie, co-cr\u00e9ation des \u00e9clairagesCaroline Rushforth : fabrication des cr\u00e9ations textilesLa Fabrique (Francheville) : fabrication des menuiseries<\/p>\n","protected":false},"author":1,"featured_media":0,"parent":0,"menu_order":0,"comment_status":"closed","ping_status":"closed","template":"","meta":{"site-sidebar-layout":"default","site-content-layout":"default","ast-global-header-display":"","ast-banner-title-visibility":"","ast-main-header-display":"","ast-hfb-above-header-display":"","ast-hfb-below-header-display":"","ast-hfb-mobile-header-display":"","site-post-title":"","ast-breadcrumbs-content":"","ast-featured-img":"","footer-sml-layout":"","theme-transparent-header-meta":"","adv-header-id-meta":"","stick-header-meta":"","header-above-stick-meta":"","header-main-stick-meta":"","header-below-stick-meta":"","footnotes":""},"class_list":["post-238","page","type-page","status-publish","hentry"],"_links":{"self":[{"href":"https:\/\/morganedemoreuille.com\/index.php\/wp-json\/wp\/v2\/pages\/238","targetHints":{"allow":["GET"]}}],"collection":[{"href":"https:\/\/morganedemoreuille.com\/index.php\/wp-json\/wp\/v2\/pages"}],"about":[{"href":"https:\/\/morganedemoreuille.com\/index.php\/wp-json\/wp\/v2\/types\/page"}],"author":[{"embeddable":true,"href":"https:\/\/morganedemoreuille.com\/index.php\/wp-json\/wp\/v2\/users\/1"}],"replies":[{"embeddable":true,"href":"https:\/\/morganedemoreuille.com\/index.php\/wp-json\/wp\/v2\/comments?post=238"}],"version-history":[{"count":4,"href":"https:\/\/morganedemoreuille.com\/index.php\/wp-json\/wp\/v2\/pages\/238\/revisions"}],"predecessor-version":[{"id":257,"href":"https:\/\/morganedemoreuille.com\/index.php\/wp-json\/wp\/v2\/pages\/238\/revisions\/257"}],"wp:attachment":[{"href":"https:\/\/morganedemoreuille.com\/index.php\/wp-json\/wp\/v2\/media?parent=238"}],"curies":[{"name":"wp","href":"https:\/\/api.w.org\/{rel}","templated":true}]}}